{"id":944,"date":"2018-09-30T21:07:27","date_gmt":"2018-09-30T19:07:27","guid":{"rendered":"https:\/\/bloemenhuisadrienne.nl\/winkel\/?page_id=944"},"modified":"2018-10-01T21:16:35","modified_gmt":"2018-10-01T19:16:35","slug":"privacyverklaring","status":"publish","type":"page","link":"https:\/\/bloemenhuisadrienne.nl\/winkel\/privacyverklaring\/","title":{"rendered":"Algemene voorwaarden en Privacyverklaring"},"content":{"rendered":"<p><strong>Algemene Voorwaarden<\/strong><br \/>\nMocht u\u00a0niet tevreden zijn met een van onze bezorgingen of de kwaliteit van het geleverde, neem dan binnen 1 werkdag na levering telefonisch contact met ons op. Tel.nr. 0164 211595. (tijdens openingstijden winkel)<\/p>\n<p>Alle informatie welke nodig is om uw order te kunnen uitvoeren, wordt vertrouwelijk behandeld.<\/p>\n<p><strong>Bestelbevestiging<\/strong><\/p>\n<p>Uw bestelling is definitief geplaatst na het doorlopen van het bestelproces, het akkoord gaan met de Algemene Voorwaarden en Privacy Statement en het volledig afronden van de betaalprocedure. U ontvangt per e-mail vrijwel meteen een bestelbevestiging.<br \/>\nMocht u daarna nog iets willen wijzigen, neem dan direct telefonisch met ons contact op. (Tel. 0164 211595). Bloemenhuis Adri\u00ebnne is niet aansprakelijk indien uw bestelling door externe factoren niet bij ons is aangekomen.<br \/>\nDit kan bijvoorbeeld door een storing bij uw of onze e-mail provider.<\/p>\n<p><strong>Bezorgingen<\/strong><\/p>\n<p>Bezorgingen op zon- en feestdagen zijn niet mogelijk. Let op: bezorgingen van rouwboeketten en rouwstukken voor maandagochtend v\u00f3\u00f3r 12.00 uur dienen uiterlijk zaterdagmiddag v\u00f3\u00f3r 13.00 uur bij ons binnen te zijn. Dit geldt ook voor de ochtend na een feestdag. Zorg ervoor dat uw bestelling een werkdag v\u00f3\u00f3r de feestdag bij ons binnen is. Daarna kunnen wij niet garanderen dat uw bestelling op tijd kan worden bezorgd.<\/p>\n<p><strong>Bestelde product is niet voorradig<\/strong><\/p>\n<p>Het aanbod op de veiling is niet altijd hetzelfde. Daardoor kan het voorkomen dat er andere bloemen gekozen moeten worden dan u heeft besteld.<br \/>\nWij streven ernaar dat het bestelde product zoveel mogelijk hierop lijkt.<\/p>\n<p><strong>Betalingsvormen<\/strong><\/p>\n<p>&#8211; iDeal<br \/>\n&#8211; Visa<br \/>\n&#8211; MasterCard<br \/>\n&#8211; PayPal<\/p>\n<p><strong>Betaling<\/strong><\/p>\n<p>Ingeval van niet, dan wel niet tijdige betaling, komen voor rekening van de koper alle kosten, zowel buiten rechtelijk als gerechtelijke kosten,<br \/>\ndie Bloemenhuis Adri\u00ebnne in verband met de inning van zijn vordering maakt, waarin tevens begrepen extra administratie- en rentekosten.<br \/>\nDe buiten gerechtelijke kosten bedragen ten minste 15% van het factuurbedrag met een minimum van \u20ac 25,00 alles exclusief omzetbelasting.<\/p>\n<p>Alle geleverde producten blijven eigendom van Bloemenhuis Adri\u00ebnne totdat deze volledig zijn betaald.<\/p>\n<p>Op alle overeenkomsten waarop deze Algemene Voorwaarden geheel of gedeeltelijk betrekking hebben, is het Nederlands recht<br \/>\nvan toepassing.<\/p>\n<p>In alle andere gevallen waarin deze Algemene Voorwaarden niet in is voorzien is eveneens het Nederlands recht van toepassing.<\/p>\n<p><strong>Kamer van Koophandel<\/strong><\/p>\n<p>Bloemenhuis Adri\u00ebnne is geregistreerd bij de Kamer van Koophandel te Breda, onder nummer 20021339.<\/p>\n<p><strong>Privacyverklaring<\/strong><\/p>\n<p>Via onze webwinkel worden privacygevoelige gegevens oftewel persoonsgegevens verwerkt. Wij achten een zorgvuldige omgang met persoonsgegevens van groot belang. Persoonlijke gegevens worden door ons dan ook zorgvuldig verwerkt en beveiligd.<br \/>\nBij onze verwerking houden wij ons aan de eisen die de privacywetgeving stelt. Dat betekent onder andere dat:<br \/>\n\u2022 wij duidelijk vermelden met welke doeleinden wij persoonsgegevens verwerken. Dat doen wij via deze privacyverklaring;<br \/>\n\u2022 wij onze verzameling van persoonsgegevens beperken tot alleen de persoonsgegevens die nodig zijn voor legitieme doeleinden;<br \/>\n\u2022 wij u eerst vragen om uitdrukkelijke toestemming om uw persoonsgegevens te verwerken in gevallen waarin uw toestemming is vereist;<br \/>\n\u2022 wij passende beveiligingsmaatregelen nemen om uw persoonsgegevens te beschermen en dat ook eisen van partijen die in onze opdracht persoonsgegevens verwerken;<br \/>\n\u2022 wij uw recht respecteren om uw persoonsgegevens op uw aanvraag ter inzage te bieden, te corrigeren of te verwijderen.<br \/>\nWij zijn de verantwoordelijke voor de gegevensverwerking. In deze privacyverklaring leggen wij uit welke persoonsgegevens wij verzamelen en gebruiken en met welk doel. Wij raden u aan deze zorgvuldig te lezen.<br \/>\nDeze privacyverklaring is voor het laatst aangepast op 24-05-2018<br \/>\nGebruik van persoonsgegevens Bij het gebruiken van onze webwinkel verkrijgen wij bepaalde gegevens van u. Dat kunnen persoonsgegevens zijn. Wij bewaren en gebruiken uitsluitend de persoonsgegevens die rechtstreeks door u worden opgegeven, in het kader van de door u gevraagde dienst, of waarvan bij opgave duidelijk is dat ze aan ons worden verstrekt om te verwerken.<br \/>\nWij gebruiken de volgende gegevens voor de in deze privacyverklaring genoemde doelen:<br \/>\n\u2022 NAW gegevens<br \/>\n\u2022 Telefoonnummer<br \/>\n\u2022 Factuuradres<br \/>\n\u2022 Emailadres<br \/>\n\u2022 Betalingsgegevens<br \/>\n\u2022 Geslacht<br \/>\n\u2022 Uw nickname<br \/>\n\u2022 Geboortedatum<br \/>\n\u2022 IP-adres<br \/>\nRegistreren Bij bepaalde onderdelen van onze webwinkel moet u zich eerst registreren. Na registratie bewaren wij via de door u gekozen gebruikersnaam de door u opgegeven persoonsgegevens. Wij bewaren deze gegevens zodat u deze niet elke keer opnieuw hoeft in te vullen en zodat wij u kunnen contacteren in het kader van uitvoering van de overeenkomst.<br \/>\nWij zullen de aan uw gebruikersnaam gekoppelde gegevens niet aan derden verstrekken, tenzij dat noodzakelijk is in het kader van de uitvoering van de overeenkomst die u met ons sluit of indien dit wettelijk verplicht is. In geval van een vermoeden van fraude of misbruik van onze webwinkel kunnen wij persoonsgegevens aan de bevoegde autoriteiten overhandigen.<br \/>\nToegang portaal Met ons portaal kunt u toegang krijgen tot een beheeromgeving waar u zelf zaken kunt instellen, opgeven en wijzigen.<br \/>\nAfhandelen bestelling Wanneer u bij ons een bestelling plaatst, maken wij voor de afhandeling daarvan gebruik van uw persoonsgegevens. Indien dat nodig is voor een goede afhandeling kunnen wij uw persoonsgegevens ook aan derden verstrekken. Meer daarover leest u verderop in deze privacyverklaring.<br \/>\nReclame Wij kunnen u, naast de informatie op onze website, ook op de hoogte brengen van onze nieuwe producten en diensten:<br \/>\n\u2022 per e-mail<br \/>\n\u2022 via social media<br \/>\nContactformulier en nieuwsbrief Wij bieden via onze webwinkel de mogelijkheid om vragen te stellen middels een contactformulier, waarbij u gevraagd wordt diverse gegevens in te vullen om uw vraag te behandelen. U kiest zelf welke gegevens u daarbij verstrekt. De gegevens die u ons toestuurt, worden bewaard zolang als naar de aard van het formulier of de inhoud van uw e-mail nodig is voor de volledige beantwoording en afhandeling daarvan.<br \/>\nWij bieden een nieuwsbrief waarmee wij ge\u00efnteresseerden willen informeren over onze producten en\/of diensten. Iedere nieuwsbrief bevat een link waarmee u zich kunt afmelden. Uw e-mailadres wordt automatisch toegevoegd aan de lijst van abonnees.<br \/>\nPublicatie Bij gebruik van onze webwinkel worden de volgende gegevens gepubliceerd zodat ze op internet zichtbaar zijn voor iedereen:<br \/>\n\u2022 uw NAW gegevens<br \/>\n\u2022 door u zelf opgegeven informatie<br \/>\nU kiest zelf welke informatie u publiceert. Het is mogelijk dat u hiermee te achterhalen bent. Op verzoek anonimiseren wij informatie die gepubliceerd is.<br \/>\nAdvertenties Onze webwinkel vertoont advertenties.<br \/>\nVerstrekking aan derden Wij kunnen uw gegevens doorgeven aan onze partners. Deze partners zijn betrokken bij de uitvoering van de overeenkomst. Deze partners zijn (mede) gevestigd buiten de EU. In onze webwinkel zijn social media buttons opgenomen. Hiermee verzamelen de beheerders van deze diensten uw persoonsgegevens.<br \/>\nCookies Op onze webwinkel wordt gebruik gemaakt van cookies. Ook via derden die door ons zijn ingeschakeld worden cookies geplaatst.<br \/>\nWanneer u onze webwinkel voor het eerst bezoekt, wordt er een mededeling getoond waarin wij u uitleggen waarom wij cookies gebruiken. Uw verder gebruik van onze webwinkel vatten wij op als toestemming voor dit gebruik van cookies.<br \/>\nHet staat u vrij om cookies uit te schakelen middels uw browser. Houd er wel rekening mee dat het mogelijk is dat onze website dan niet meer optimaal werkt.<br \/>\nMet derden die cookies plaatsen hebben wij afspraken gemaakt over het gebruik van de cookies en applicaties. Toch hebben wij geen volledige controle op wat de aanbieders van deze applicaties zelf met de cookies doen wanneer zij deze uitlezen. Voor meer informatie over deze applicaties en hoe zij met cookies omgaan, zie graag de privacyverklaringen van deze partijen (let op: deze kunnen regelmatig wijzigen).<br \/>\nGoogle Analytics Wij gebruiken Google Analytics om bij te houden hoe bezoekers onze webwinkel gebruiken. Wij hebben een bewerkersovereenkomst met Google gesloten om afspraken te maken over de omgang met onze data. Verder staan wij Google toe de verkregen Analytics informatie te gebruiken voor andere Google diensten, tot slot laten wij de IP-adressen anonimiseren.<br \/>\nBeveiliging Wij nemen beveiligingsmaatregelen om misbruik van en ongeautoriseerde toegang tot persoonsgegevens te beperken. In het bijzonder nemen wij de volgende maatregelen:<br \/>\n\u2022 Toegang tot persoonsgegevens wordt afgeschermd met een gebruikersnaam en wachtwoord<br \/>\n\u2022 Toegang tot persoonsgegevens wordt afgeschermd met een gebruikersnaam en een login token<br \/>\n\u2022 De gegevens worden na ontvangst opgeslagen in een apart, afgeschermd systeem<br \/>\n\u2022 Wij nemen fysieke maatregelen voor toegangsbescherming van de systemen waarin persoonsgegevens opslagen zijn<br \/>\n\u2022 Wij maken gebruik van beveiligde verbindingen (Secure Sockets Layer of SSL) waarmee alle informatie tussen u en onze website wordt afgeschermd wanneer u persoonsgegevens invoert<br \/>\n\u2022 Wij houden logs bij van alle opvragingen van persoonsgegevens<br \/>\nBewaartermijnen De hierboven beschreven persoonsgegevens worden bewaard voor zo lang als nodig om uw bestellingen af te handelen, inclusief garantie. Daarna bewaren wij gegevens nog maximaal een jaar voor de beschreven statistische doeleinden. De gegevens worden vervolgens gewist, tenzij er een wettelijke plicht is die langer bewaren vereist (zoals de fiscale bewaarplicht van zeven jaar voor betaalgegevens).<br \/>\nWebsites van derden Deze privacyverklaring is niet van toepassing op websites van derden die door middel van links met onze webwinkel zijn verbonden. Wij kunnen niet garanderen dat deze derden op een betrouwbare of veilige manier met uw persoonsgegevens omgaan. Wij raden u aan de privacyverklaring van deze websites te lezen alvorens van deze websites gebruik te maken.<br \/>\nWijzigingen in deze privacyverklaring Wij behouden ons het recht voor om wijzigingen aan te brengen in deze privacyverklaring. Het verdient aanbeveling om deze privacyverklaring geregeld te raadplegen, zodat u van deze wijzigingen op de hoogte bent.<br \/>\nInzage en wijzigen van uw gegevens Voor vragen over ons privacybeleid of vragen omtrent inzage en wijzigingen in (of verwijdering van) uw persoonsgegevens kunt u te allen tijde contact met ons opnemen via onderstaande gegevens.<br \/>\nU kunt ons ook een verzoek toesturen om deze gegevens in te zien, te wijzigen of te verwijderen. Ook kunt u een verzoek indienen om een gegevensexport op te vragen voor gegevens die wij met uw toestemming gebruiken, of gemotiveerd aangeven dat u de verwerking van persoonsgegevens door ons wil laten beperken.<br \/>\nOm misbruik te voorkomen kunnen wij u daarbij vragen om u adequaat te identificeren. Wanneer het gaat om inzage in persoonsgegevens gekoppeld aan een cookie, dient u een kopie van het cookie in kwestie mee te sturen. U kunt deze terug vinden in de instellingen van uw browser. Indien de gegevens niet kloppen, kunt u ons verzoeken om de gegevens te wijzigen of te laten verwijderen.<br \/>\nAutoriteit Persoonsgegevens Natuurlijk helpen wij u graag verder als u klachten heeft over de verwerking van uw persoonsgegevens. Op grond van de privacywetgeving heeft u ook het recht om een klacht in te dienen bij de Autoriteit Persoonsgegevens tegen deze verwerkingen van persoonsgegevens. U kunt hiervoor contact opnemen met de Autoriteit Persoonsgegevens.<\/p>\n","protected":false},"excerpt":{"rendered":"<p>Algemene Voorwaarden Mocht u\u00a0niet tevreden zijn met een van onze bezorgingen of de kwaliteit van het geleverde, neem dan binnen 1 werkdag na levering telefonisch contact met ons op. Tel.nr. 0164 211595. (tijdens openingstijden winkel) Alle informatie welke nodig is om uw order te kunnen uitvoeren, wordt vertrouwelijk behandeld. Bestelbevestiging Uw bestelling is definitief geplaatst [&hellip;]<\/p>\n","protected":false},"author":2,"featured_media":0,"parent":0,"menu_order":0,"comment_status":"closed","ping_status":"closed","template":"","meta":{"footnotes":""},"class_list":["post-944","page","type-page","status-publish","hentry"],"yoast_head":"<!-- This site is optimized with the Yoast SEO plugin v27.4 - https:\/\/yoast.com\/product\/yoast-seo-wordpress\/ -->\n<title>Algemene voorwaarden en Privacyverklaring - BloemenhuisAdriene Winkel<\/title>\n<meta name=\"robots\" content=\"index, follow, max-snippet:-1, max-image-preview:large, max-video-preview:-1\" \/>\n<link rel=\"canonical\" href=\"https:\/\/bloemenhuisadrienne.nl\/winkel\/privacyverklaring\/\" \/>\n<meta property=\"og:locale\" content=\"nl_NL\" \/>\n<meta property=\"og:type\" content=\"article\" \/>\n<meta property=\"og:title\" content=\"Algemene voorwaarden en Privacyverklaring - BloemenhuisAdriene Winkel\" \/>\n<meta property=\"og:description\" content=\"Algemene Voorwaarden Mocht u\u00a0niet tevreden zijn met een van onze bezorgingen of de kwaliteit van het geleverde, neem dan binnen 1 werkdag na levering telefonisch contact met ons op. Tel.nr. 0164 211595. (tijdens openingstijden winkel) Alle informatie welke nodig is om uw order te kunnen uitvoeren, wordt vertrouwelijk behandeld. Bestelbevestiging Uw bestelling is definitief geplaatst [&hellip;]\" \/>\n<meta property=\"og:url\" content=\"https:\/\/bloemenhuisadrienne.nl\/winkel\/privacyverklaring\/\" \/>\n<meta property=\"og:site_name\" content=\"BloemenhuisAdriene Winkel\" \/>\n<meta property=\"article:modified_time\" content=\"2018-10-01T19:16:35+00:00\" \/>\n<meta name=\"twitter:card\" content=\"summary_large_image\" \/>\n<meta name=\"twitter:label1\" content=\"Geschatte leestijd\" \/>\n\t<meta name=\"twitter:data1\" content=\"9 minuten\" \/>\n<script type=\"application\/ld+json\" class=\"yoast-schema-graph\">{\"@context\":\"https:\\\/\\\/schema.org\",\"@graph\":[{\"@type\":\"WebPage\",\"@id\":\"https:\\\/\\\/bloemenhuisadrienne.nl\\\/winkel\\\/privacyverklaring\\\/\",\"url\":\"https:\\\/\\\/bloemenhuisadrienne.nl\\\/winkel\\\/privacyverklaring\\\/\",\"name\":\"Algemene voorwaarden en Privacyverklaring - BloemenhuisAdriene Winkel\",\"isPartOf\":{\"@id\":\"https:\\\/\\\/bloemenhuisadrienne.nl\\\/winkel\\\/#website\"},\"datePublished\":\"2018-09-30T19:07:27+00:00\",\"dateModified\":\"2018-10-01T19:16:35+00:00\",\"breadcrumb\":{\"@id\":\"https:\\\/\\\/bloemenhuisadrienne.nl\\\/winkel\\\/privacyverklaring\\\/#breadcrumb\"},\"inLanguage\":\"nl-NL\",\"potentialAction\":[{\"@type\":\"ReadAction\",\"target\":[\"https:\\\/\\\/bloemenhuisadrienne.nl\\\/winkel\\\/privacyverklaring\\\/\"]}]},{\"@type\":\"BreadcrumbList\",\"@id\":\"https:\\\/\\\/bloemenhuisadrienne.nl\\\/winkel\\\/privacyverklaring\\\/#breadcrumb\",\"itemListElement\":[{\"@type\":\"ListItem\",\"position\":1,\"name\":\"Home\",\"item\":\"https:\\\/\\\/bloemenhuisadrienne.nl\\\/winkel\\\/\"},{\"@type\":\"ListItem\",\"position\":2,\"name\":\"Algemene voorwaarden en Privacyverklaring\"}]},{\"@type\":\"WebSite\",\"@id\":\"https:\\\/\\\/bloemenhuisadrienne.nl\\\/winkel\\\/#website\",\"url\":\"https:\\\/\\\/bloemenhuisadrienne.nl\\\/winkel\\\/\",\"name\":\"BloemenhuisAdriene Winkel\",\"description\":\"Het adres voor rouwboeketten en rouwstukken\",\"potentialAction\":[{\"@type\":\"SearchAction\",\"target\":{\"@type\":\"EntryPoint\",\"urlTemplate\":\"https:\\\/\\\/bloemenhuisadrienne.nl\\\/winkel\\\/?s={search_term_string}\"},\"query-input\":{\"@type\":\"PropertyValueSpecification\",\"valueRequired\":true,\"valueName\":\"search_term_string\"}}],\"inLanguage\":\"nl-NL\"}]}<\/script>\n<!-- \/ Yoast SEO plugin. -->","yoast_head_json":{"title":"Algemene voorwaarden en Privacyverklaring - BloemenhuisAdriene Winkel","robots":{"index":"index","follow":"follow","max-snippet":"max-snippet:-1","max-image-preview":"max-image-preview:large","max-video-preview":"max-video-preview:-1"},"canonical":"https:\/\/bloemenhuisadrienne.nl\/winkel\/privacyverklaring\/","og_locale":"nl_NL","og_type":"article","og_title":"Algemene voorwaarden en Privacyverklaring - BloemenhuisAdriene Winkel","og_description":"Algemene Voorwaarden Mocht u\u00a0niet tevreden zijn met een van onze bezorgingen of de kwaliteit van het geleverde, neem dan binnen 1 werkdag na levering telefonisch contact met ons op. Tel.nr. 0164 211595. (tijdens openingstijden winkel) Alle informatie welke nodig is om uw order te kunnen uitvoeren, wordt vertrouwelijk behandeld. Bestelbevestiging Uw bestelling is definitief geplaatst [&hellip;]","og_url":"https:\/\/bloemenhuisadrienne.nl\/winkel\/privacyverklaring\/","og_site_name":"BloemenhuisAdriene Winkel","article_modified_time":"2018-10-01T19:16:35+00:00","twitter_card":"summary_large_image","twitter_misc":{"Geschatte leestijd":"9 minuten"},"schema":{"@context":"https:\/\/schema.org","@graph":[{"@type":"WebPage","@id":"https:\/\/bloemenhuisadrienne.nl\/winkel\/privacyverklaring\/","url":"https:\/\/bloemenhuisadrienne.nl\/winkel\/privacyverklaring\/","name":"Algemene voorwaarden en Privacyverklaring - BloemenhuisAdriene Winkel","isPartOf":{"@id":"https:\/\/bloemenhuisadrienne.nl\/winkel\/#website"},"datePublished":"2018-09-30T19:07:27+00:00","dateModified":"2018-10-01T19:16:35+00:00","breadcrumb":{"@id":"https:\/\/bloemenhuisadrienne.nl\/winkel\/privacyverklaring\/#breadcrumb"},"inLanguage":"nl-NL","potentialAction":[{"@type":"ReadAction","target":["https:\/\/bloemenhuisadrienne.nl\/winkel\/privacyverklaring\/"]}]},{"@type":"BreadcrumbList","@id":"https:\/\/bloemenhuisadrienne.nl\/winkel\/privacyverklaring\/#breadcrumb","itemListElement":[{"@type":"ListItem","position":1,"name":"Home","item":"https:\/\/bloemenhuisadrienne.nl\/winkel\/"},{"@type":"ListItem","position":2,"name":"Algemene voorwaarden en Privacyverklaring"}]},{"@type":"WebSite","@id":"https:\/\/bloemenhuisadrienne.nl\/winkel\/#website","url":"https:\/\/bloemenhuisadrienne.nl\/winkel\/","name":"BloemenhuisAdriene Winkel","description":"Het adres voor rouwboeketten en rouwstukken","potentialAction":[{"@type":"SearchAction","target":{"@type":"EntryPoint","urlTemplate":"https:\/\/bloemenhuisadrienne.nl\/winkel\/?s={search_term_string}"},"query-input":{"@type":"PropertyValueSpecification","valueRequired":true,"valueName":"search_term_string"}}],"inLanguage":"nl-NL"}]}},"_links":{"self":[{"href":"https:\/\/bloemenhuisadrienne.nl\/winkel\/wp-json\/wp\/v2\/pages\/944","targetHints":{"allow":["GET"]}}],"collection":[{"href":"https:\/\/bloemenhuisadrienne.nl\/winkel\/wp-json\/wp\/v2\/pages"}],"about":[{"href":"https:\/\/bloemenhuisadrienne.nl\/winkel\/wp-json\/wp\/v2\/types\/page"}],"author":[{"embeddable":true,"href":"https:\/\/bloemenhuisadrienne.nl\/winkel\/wp-json\/wp\/v2\/users\/2"}],"replies":[{"embeddable":true,"href":"https:\/\/bloemenhuisadrienne.nl\/winkel\/wp-json\/wp\/v2\/comments?post=944"}],"version-history":[{"count":3,"href":"https:\/\/bloemenhuisadrienne.nl\/winkel\/wp-json\/wp\/v2\/pages\/944\/revisions"}],"predecessor-version":[{"id":947,"href":"https:\/\/bloemenhuisadrienne.nl\/winkel\/wp-json\/wp\/v2\/pages\/944\/revisions\/947"}],"wp:attachment":[{"href":"https:\/\/bloemenhuisadrienne.nl\/winkel\/wp-json\/wp\/v2\/media?parent=944"}],"curies":[{"name":"wp","href":"https:\/\/api.w.org\/{rel}","templated":true}]}}